{"id":117,"date":"2023-11-25T19:32:40","date_gmt":"2023-11-25T18:32:40","guid":{"rendered":"https:\/\/tsepi.games\/?page_id=117"},"modified":"2023-11-29T22:34:43","modified_gmt":"2023-11-29T21:34:43","slug":"legal-notice","status":"publish","type":"page","link":"https:\/\/tsepi.games\/de\/legal-notice\/","title":{"rendered":"Impressum"},"content":{"rendered":"<div class=\"fusion-fullwidth fullwidth-box fusion-builder-row-1 fusion-flex-container has-pattern-background has-mask-background nonhundred-percent-fullwidth non-hundred-percent-height-scrolling\" style=\"--awb-border-radius-top-left:0px;--awb-border-radius-top-right:0px;--awb-border-radius-bottom-right:0px;--awb-border-radius-bottom-left:0px;--awb-padding-top:0px;--awb-padding-bottom:0px;--awb-padding-right-small:15px;--awb-padding-left-small:15px;--awb-margin-top:0px;--awb-margin-bottom:0px;--awb-min-height:100vh;--awb-flex-wrap:wrap;\" ><div class=\"awb-background-pattern\" style=\"background-image:  url(data:image\/svg+xml;utf8,%3Csvg%20width%3D%2280%22%20height%3D%22120%22%20fill%3D%22none%22%20xmlns%3D%22http%3A%2F%2Fwww.w3.org%2F2000%2Fsvg%22%3E%3Cg%20clip-path%3D%22url%28%23prefix__clip0_43_320%29%22%20fill%3D%22rgba%28241%2C32%2C95%2C1%29%22%3E%3Cpath%20d%3D%22M40%200L0%2030v30l40-30V0zm0%2030v30l40%2030V60L40%2030zM40-30V0l40%2030V0L40-30zm0%2090L0%2090v30l40-30V60zm0%2030v30l40%2030v-30L40%2090z%22%2F%3E%3C%2Fg%3E%3Cdefs%3E%3CclipPath%20id%3D%22prefix__clip0_43_320%22%3E%3Cpath%20fill%3D%22%23fff%22%20d%3D%22M0%200h80v120H0z%22%2F%3E%3C%2FclipPath%3E%3C%2Fdefs%3E%3C%2Fsvg%3E);opacity: 1 ;mix-blend-mode:normal;\"><\/div><div class=\"fusion-builder-row fusion-row fusion-flex-align-items-flex-start fusion-flex-align-content-flex-start fusion-flex-content-wrap\" style=\"max-width:1248px;margin-left: calc(-4% \/ 2 );margin-right: calc(-4% \/ 2 );\"><div class=\"fusion-layout-column fusion_builder_column fusion-builder-column-0 fusion_builder_column_1_1 1_1 fusion-flex-column fusion-animated\" style=\"--awb-padding-top:50px;--awb-padding-right:70px;--awb-padding-bottom:50px;--awb-padding-left:70px;--awb-padding-top-small:15px;--awb-padding-right-small:10px;--awb-padding-bottom-small:15px;--awb-padding-left-small:10px;--awb-bg-color:#ffffff;--awb-bg-color-hover:#ffffff;--awb-bg-size:cover;--awb-box-shadow:0px 0px 100px 0px #000000;;--awb-width-large:100%;--awb-margin-top-large:90px;--awb-spacing-right-large:1.92%;--awb-margin-bottom-large:65px;--awb-spacing-left-large:1.92%;--awb-width-medium:100%;--awb-order-medium:0;--awb-spacing-right-medium:1.92%;--awb-spacing-left-medium:1.92%;--awb-width-small:100%;--awb-order-small:0;--awb-spacing-right-small:1.92%;--awb-spacing-left-small:1.92%;\" data-animationtype=\"fadeInUp\" data-animationduration=\"1.0\" data-animationoffset=\"top-into-view\"><div class=\"fusion-column-wrapper fusion-column-has-shadow fusion-flex-justify-content-flex-start fusion-content-layout-column\"><div class=\"fusion-title title fusion-title-1 fusion-no-medium-visibility fusion-no-large-visibility fusion-sep-none fusion-title-text fusion-title-size-one\" style=\"--awb-margin-bottom:50px;--awb-margin-top-small:10px;--awb-margin-right-small:0px;--awb-margin-bottom-small:50px;--awb-margin-left-small:0px;--awb-margin-bottom-medium:50px;--awb-font-size:30px;\"><h1 class=\"fusion-title-heading title-heading-left\" style=\"margin:0;font-size:1em;\">Impressum<\/h1><\/div><div class=\"fusion-title title fusion-title-2 fusion-no-small-visibility fusion-sep-none fusion-title-text fusion-title-size-one\" style=\"--awb-margin-bottom:50px;--awb-margin-top-small:10px;--awb-margin-right-small:0px;--awb-margin-bottom-small:50px;--awb-margin-left-small:0px;--awb-margin-bottom-medium:50px;\"><h1 class=\"fusion-title-heading title-heading-left\" style=\"margin:0;\">Impressum<\/h1><\/div><div class=\"fusion-text fusion-text-1\"><p>Tsepi Games<br \/>\nJohannes Tsouchlos<br \/>\nTalstrasse 27<br \/>\n71686 Remseck am Neckar<br \/>\n<a href=\"mailto:info@tsepi.games\"><br \/>\ninfo@tsepi.games<\/a><br \/>\nVAT ID: DE357797379<\/p>\n<\/div><div class=\"fusion-title title fusion-title-3 fusion-no-small-visibility fusion-sep-none fusion-title-text fusion-title-size-one\" style=\"--awb-margin-top:25px;--awb-margin-bottom:50px;--awb-margin-top-small:25px;--awb-margin-right-small:0px;--awb-margin-bottom-small:50px;--awb-margin-left-small:0px;--awb-margin-top-medium:25px;--awb-margin-bottom-medium:50px;\"><h1 class=\"fusion-title-heading title-heading-left\" style=\"margin:0;\">Haftungsausschluss<\/h1><\/div><div class=\"fusion-title title fusion-title-4 fusion-no-medium-visibility fusion-no-large-visibility fusion-sep-none fusion-title-text fusion-title-size-one\" style=\"--awb-margin-top:25px;--awb-margin-bottom:50px;--awb-margin-top-small:25px;--awb-margin-right-small:0px;--awb-margin-bottom-small:50px;--awb-margin-left-small:0px;--awb-margin-top-medium:25px;--awb-margin-bottom-medium:50px;--awb-font-size:30px;\"><h1 class=\"fusion-title-heading title-heading-left\" style=\"margin:0;font-size:1em;\">Haftungsausschluss<\/h1><\/div><div class=\"fusion-text fusion-text-2\"><p><strong>Recht auf Information und Widerruf<\/strong><\/p>\n<p>Sie haben das Recht, jederzeit unentgeltlich Auskunft \u00fcber Ihre personenbezogenen Daten zu erhalten. Sie haben auch das Recht, Ihre Einwilligung in die Verwendung Ihrer personenbezogenen Daten f\u00fcr die Zukunft zu widerrufen. Wenden Sie sich dazu bitte an den im Impressum genannten Anbieter.<\/p>\n<p><strong>Datenschutz<\/strong><\/p>\n<p>Unsere Website erfasst beim Zugriff automatisch allgemeine Informationen (sog. Server-Logfiles). Dazu geh\u00f6ren unter anderem Ihr Webbrowser, Ihr Betriebssystem und Ihr Internet Service Provider. Diese Daten werden statistisch ausgewertet, um unsere Website technisch und inhaltlich zu verbessern. Die Erfassung dieser Daten ist notwendig, um die Inhalte der Website korrekt auszuliefern.<\/p>\n<p>Die Nutzung unserer Webseite ist in der Regel ohne Angabe personenbezogener Daten m\u00f6glich. Soweit auf unseren Seiten personenbezogene Daten (beispielsweise Name, Anschrift oder eMail-Adressen) erhoben werden, erfolgt dies, soweit m\u00f6glich, stets auf freiwilliger Basis. Diese Daten werden ohne Ihre ausdr\u00fcckliche Zustimmung nicht an Dritte weitergegeben.<\/p>\n<p>Wenn ein Vertragsverh\u00e4ltnis begr\u00fcndet, inhaltlich ausgestaltet oder ge\u00e4ndert werden soll oder wenn Sie eine Anfrage an uns richten, erheben und verwenden wir Ihre personenbezogenen Daten, soweit dies erforderlich ist (Bestandsdaten). Wir erheben, verarbeiten und nutzen personenbezogene Daten, soweit dies erforderlich ist, um Ihnen die Nutzung der Website zu erm\u00f6glichen (Nutzungsdaten). Alle personenbezogenen Daten werden nur f\u00fcr den erforderlichen Zeitraum (Bearbeitung Ihrer Anfrage oder Abwicklung eines Vertrages) unter Ber\u00fccksichtigung steuer- und handelsrechtlicher Aufbewahrungsfristen gespeichert. Auf Anordnung der zust\u00e4ndigen Stellen d\u00fcrfen wir im Einzelfall Auskunft \u00fcber diese Daten (Bestandsdaten) erteilen, soweit dies f\u00fcr Zwecke der Strafverfolgung, zur Gefahrenabwehr, zur Erf\u00fcllung der gesetzlichen Aufgaben der Verfassungsschutzbeh\u00f6rden oder des Milit\u00e4rischen Abschirmdienstes oder zur Durchsetzung der Rechte am geistigen Eigentum erforderlich ist.<\/p>\n<p>Die Daten\u00fcbertragung im Internet (z.B. bei der Kommunikation per E-Mail) kann Sicherheitsl\u00fccken aufweisen. Ein l\u00fcckenloser Schutz der Daten vor dem Zugriff durch Dritte ist nicht m\u00f6glich.<\/p>\n<p>Der Nutzung von im Rahmen der Impressumspflicht ver\u00f6ffentlichten Kontaktdaten durch Dritte zur \u00dcbersendung von nicht ausdr\u00fccklich angeforderter Werbung und Informationsmaterialien wird hiermit ausdr\u00fccklich widersprochen. Wir behalten uns vor, im Falle der unverlangten Zusendung von Werbeinformationen rechtliche Schritte einzuleiten.<\/p>\n<p><strong>Google Analytics<\/strong><\/p>\n<p>Diese Website benutzt Google Analytics, einen Webanalysedienst der Google Inc. Die von Google Analytics erzeugten Informationen \u00fcber Ihre Nutzung der Website werden an Google \u00fcbertragen und von Google auf Servern in den Vereinigten Staaten gespeichert. Weitere Informationen dar\u00fcber, wie Google diese Daten verwendet und wie Sie die an Google \u00fcbermittelten Informationen kontrollieren k\u00f6nnen, finden Sie in den Datenschutzbestimmungen von Google.<\/p>\n<p><strong>Haftung f\u00fcr Inhalte<\/strong><\/p>\n<p>Als Diensteanbieter sind wir f\u00fcr eigene Inhalte auf diesen Seiten nach den allgemeinen Gesetzen verantwortlich. Wir sind jedoch nicht verpflichtet, die von uns \u00fcbermittelten oder gespeicherten fremden Informationen zu \u00fcberwachen oder nach Umst\u00e4nden zu forschen, die auf eine rechtswidrige T\u00e4tigkeit hinweisen. Verpflichtungen zur Entfernung oder Sperrung der Nutzung von Informationen nach den allgemeinen Gesetzen bleiben hiervon unber\u00fchrt. Eine diesbez\u00fcgliche Haftung ist jedoch erst ab dem Zeitpunkt der Kenntnis einer konkreten Rechtsverletzung m\u00f6glich. Bei Bekanntwerden von Rechtsverletzungen werden wir diese Inhalte umgehend entfernen.<\/p>\n<p><strong>Haftung f\u00fcr Links<\/strong><\/p>\n<p>Unsere Website enth\u00e4lt Links zu externen Websites. F\u00fcr diese fremden Inhalte k\u00f6nnen wir keine Gew\u00e4hr \u00fcbernehmen, da wir auf die dortigen Inhalte keinen Einfluss haben. F\u00fcr die Inhalte der verlinkten Seiten ist stets der jeweilige Anbieter oder Betreiber der Seiten verantwortlich. Zum Zeitpunkt der Linksetzung waren f\u00fcr uns keine Rechtsverst\u00f6\u00dfe erkennbar. Bei Bekanntwerden von Rechtsverst\u00f6\u00dfen werden wir derartige Links umgehend entfernen.<\/p>\n<p><strong>Urheberrecht<\/strong><\/p>\n<p>Die auf dieser Website ver\u00f6ffentlichten Inhalte und Werke unterliegen dem Urheberrecht. Die Vervielf\u00e4ltigung, Bearbeitung, Verbreitung und jede Art der Verwertung au\u00dferhalb der Grenzen des Urheberrechtes bed\u00fcrfen der vorherigen schriftlichen Zustimmung des jeweiligen Autors bzw. Erstellers.<\/p>\n<p>Sollten Sie Verst\u00f6\u00dfe gegen das Urheberrecht feststellen, informieren Sie uns bitte. Derartige Inhalte werden umgehend entfernt.<\/p>\n<p><em>Zuletzt aktualisiert: <\/em>25.11.2023<\/p>\n<\/div><\/div><\/div><\/div><\/div>","protected":false},"excerpt":{"rendered":"","protected":false},"author":1,"featured_media":0,"parent":0,"menu_order":0,"comment_status":"closed","ping_status":"closed","template":"100-width.php","meta":{"_bbp_topic_count":0,"_bbp_reply_count":0,"_bbp_total_topic_count":0,"_bbp_total_reply_count":0,"_bbp_voice_count":0,"_bbp_anonymous_reply_count":0,"_bbp_topic_count_hidden":0,"_bbp_reply_count_hidden":0,"_bbp_forum_subforum_count":0,"footnotes":""},"class_list":["post-117","page","type-page","status-publish","hentry"],"yoast_head":"<!-- This site is optimized with the Yoast SEO plugin v27.6 - https:\/\/yoast.com\/product\/yoast-seo-wordpress\/ -->\n<title>Legal Notice - Tsepi Games<\/title>\n<meta name=\"description\" content=\"Explore the legal notice of Tsepi Games.\" \/>\n<meta name=\"robots\" content=\"index, follow, max-snippet:-1, max-image-preview:large, max-video-preview:-1\" \/>\n<link rel=\"canonical\" href=\"https:\/\/tsepi.games\/de\/legal-notice\/\" \/>\n<meta property=\"og:locale\" content=\"de_DE\" \/>\n<meta property=\"og:type\" content=\"article\" \/>\n<meta property=\"og:title\" content=\"Legal Notice - Tsepi Games\" \/>\n<meta property=\"og:description\" content=\"Explore the legal notice of Tsepi Games.\" \/>\n<meta property=\"og:url\" content=\"https:\/\/tsepi.games\/de\/legal-notice\/\" \/>\n<meta property=\"og:site_name\" content=\"Tsepi Games\" \/>\n<meta property=\"article:publisher\" content=\"https:\/\/www.facebook.com\/TsepiGames\" \/>\n<meta property=\"article:modified_time\" content=\"2023-11-29T21:34:43+00:00\" \/>\n<meta name=\"twitter:card\" content=\"summary_large_image\" \/>\n<meta name=\"twitter:label1\" content=\"Gesch\u00e4tzte Lesezeit\" \/>\n\t<meta name=\"twitter:data1\" content=\"8\u00a0Minuten\" \/>\n<script type=\"application\/ld+json\" class=\"yoast-schema-graph\">{\"@context\":\"https:\\\/\\\/schema.org\",\"@graph\":[{\"@type\":\"WebPage\",\"@id\":\"https:\\\/\\\/tsepi.games\\\/legal-notice\\\/\",\"url\":\"https:\\\/\\\/tsepi.games\\\/legal-notice\\\/\",\"name\":\"Legal Notice - Tsepi Games\",\"isPartOf\":{\"@id\":\"https:\\\/\\\/tsepi.games\\\/#website\"},\"datePublished\":\"2023-11-25T18:32:40+00:00\",\"dateModified\":\"2023-11-29T21:34:43+00:00\",\"description\":\"Explore the legal notice of Tsepi Games.\",\"breadcrumb\":{\"@id\":\"https:\\\/\\\/tsepi.games\\\/legal-notice\\\/#breadcrumb\"},\"inLanguage\":\"de\",\"potentialAction\":[{\"@type\":\"ReadAction\",\"target\":[\"https:\\\/\\\/tsepi.games\\\/legal-notice\\\/\"]}]},{\"@type\":\"BreadcrumbList\",\"@id\":\"https:\\\/\\\/tsepi.games\\\/legal-notice\\\/#breadcrumb\",\"itemListElement\":[{\"@type\":\"ListItem\",\"position\":1,\"name\":\"Home\",\"item\":\"https:\\\/\\\/tsepi.games\\\/\"},{\"@type\":\"ListItem\",\"position\":2,\"name\":\"Legal Notice\"}]},{\"@type\":\"WebSite\",\"@id\":\"https:\\\/\\\/tsepi.games\\\/#website\",\"url\":\"https:\\\/\\\/tsepi.games\\\/\",\"name\":\"Tsepi Games\",\"description\":\"games in your pocket\",\"publisher\":{\"@id\":\"https:\\\/\\\/tsepi.games\\\/#organization\"},\"alternateName\":\"Tsepi\",\"potentialAction\":[{\"@type\":\"SearchAction\",\"target\":{\"@type\":\"EntryPoint\",\"urlTemplate\":\"https:\\\/\\\/tsepi.games\\\/?s={search_term_string}\"},\"query-input\":{\"@type\":\"PropertyValueSpecification\",\"valueRequired\":true,\"valueName\":\"search_term_string\"}}],\"inLanguage\":\"de\"},{\"@type\":\"Organization\",\"@id\":\"https:\\\/\\\/tsepi.games\\\/#organization\",\"name\":\"Tsepi Games\",\"url\":\"https:\\\/\\\/tsepi.games\\\/\",\"logo\":{\"@type\":\"ImageObject\",\"inLanguage\":\"de\",\"@id\":\"https:\\\/\\\/tsepi.games\\\/#\\\/schema\\\/logo\\\/image\\\/\",\"url\":\"https:\\\/\\\/tsepi.games\\\/wp-content\\\/uploads\\\/2023\\\/11\\\/TSEPI-Logo_Horizontal_2000x1000.png\",\"contentUrl\":\"https:\\\/\\\/tsepi.games\\\/wp-content\\\/uploads\\\/2023\\\/11\\\/TSEPI-Logo_Horizontal_2000x1000.png\",\"width\":2000,\"height\":1000,\"caption\":\"Tsepi Games\"},\"image\":{\"@id\":\"https:\\\/\\\/tsepi.games\\\/#\\\/schema\\\/logo\\\/image\\\/\"},\"sameAs\":[\"https:\\\/\\\/www.facebook.com\\\/TsepiGames\"]}]}<\/script>\n<!-- \/ Yoast SEO plugin. -->","yoast_head_json":{"title":"Legal Notice - Tsepi Games","description":"Explore the legal notice of Tsepi Games.","robots":{"index":"index","follow":"follow","max-snippet":"max-snippet:-1","max-image-preview":"max-image-preview:large","max-video-preview":"max-video-preview:-1"},"canonical":"https:\/\/tsepi.games\/de\/legal-notice\/","og_locale":"de_DE","og_type":"article","og_title":"Legal Notice - Tsepi Games","og_description":"Explore the legal notice of Tsepi Games.","og_url":"https:\/\/tsepi.games\/de\/legal-notice\/","og_site_name":"Tsepi Games","article_publisher":"https:\/\/www.facebook.com\/TsepiGames","article_modified_time":"2023-11-29T21:34:43+00:00","twitter_card":"summary_large_image","twitter_misc":{"Gesch\u00e4tzte Lesezeit":"8\u00a0Minuten"},"schema":{"@context":"https:\/\/schema.org","@graph":[{"@type":"WebPage","@id":"https:\/\/tsepi.games\/legal-notice\/","url":"https:\/\/tsepi.games\/legal-notice\/","name":"Legal Notice - Tsepi Games","isPartOf":{"@id":"https:\/\/tsepi.games\/#website"},"datePublished":"2023-11-25T18:32:40+00:00","dateModified":"2023-11-29T21:34:43+00:00","description":"Explore the legal notice of Tsepi Games.","breadcrumb":{"@id":"https:\/\/tsepi.games\/legal-notice\/#breadcrumb"},"inLanguage":"de","potentialAction":[{"@type":"ReadAction","target":["https:\/\/tsepi.games\/legal-notice\/"]}]},{"@type":"BreadcrumbList","@id":"https:\/\/tsepi.games\/legal-notice\/#breadcrumb","itemListElement":[{"@type":"ListItem","position":1,"name":"Home","item":"https:\/\/tsepi.games\/"},{"@type":"ListItem","position":2,"name":"Legal Notice"}]},{"@type":"WebSite","@id":"https:\/\/tsepi.games\/#website","url":"https:\/\/tsepi.games\/","name":"Tsepi Games","description":"games in your pocket","publisher":{"@id":"https:\/\/tsepi.games\/#organization"},"alternateName":"Tsepi","potentialAction":[{"@type":"SearchAction","target":{"@type":"EntryPoint","urlTemplate":"https:\/\/tsepi.games\/?s={search_term_string}"},"query-input":{"@type":"PropertyValueSpecification","valueRequired":true,"valueName":"search_term_string"}}],"inLanguage":"de"},{"@type":"Organization","@id":"https:\/\/tsepi.games\/#organization","name":"Tsepi Games","url":"https:\/\/tsepi.games\/","logo":{"@type":"ImageObject","inLanguage":"de","@id":"https:\/\/tsepi.games\/#\/schema\/logo\/image\/","url":"https:\/\/tsepi.games\/wp-content\/uploads\/2023\/11\/TSEPI-Logo_Horizontal_2000x1000.png","contentUrl":"https:\/\/tsepi.games\/wp-content\/uploads\/2023\/11\/TSEPI-Logo_Horizontal_2000x1000.png","width":2000,"height":1000,"caption":"Tsepi Games"},"image":{"@id":"https:\/\/tsepi.games\/#\/schema\/logo\/image\/"},"sameAs":["https:\/\/www.facebook.com\/TsepiGames"]}]}},"_links":{"self":[{"href":"https:\/\/tsepi.games\/de\/wp-json\/wp\/v2\/pages\/117","targetHints":{"allow":["GET"]}}],"collection":[{"href":"https:\/\/tsepi.games\/de\/wp-json\/wp\/v2\/pages"}],"about":[{"href":"https:\/\/tsepi.games\/de\/wp-json\/wp\/v2\/types\/page"}],"author":[{"embeddable":true,"href":"https:\/\/tsepi.games\/de\/wp-json\/wp\/v2\/users\/1"}],"replies":[{"embeddable":true,"href":"https:\/\/tsepi.games\/de\/wp-json\/wp\/v2\/comments?post=117"}],"version-history":[{"count":5,"href":"https:\/\/tsepi.games\/de\/wp-json\/wp\/v2\/pages\/117\/revisions"}],"predecessor-version":[{"id":335,"href":"https:\/\/tsepi.games\/de\/wp-json\/wp\/v2\/pages\/117\/revisions\/335"}],"wp:attachment":[{"href":"https:\/\/tsepi.games\/de\/wp-json\/wp\/v2\/media?parent=117"}],"curies":[{"name":"wp","href":"https:\/\/api.w.org\/{rel}","templated":true}]}}